{"id":2106,"date":"2021-10-04T15:42:53","date_gmt":"2021-10-04T15:42:53","guid":{"rendered":"http:\/\/amigofielbombarral.com\/?page_id=2106"},"modified":"2025-12-16T16:28:43","modified_gmt":"2025-12-16T16:28:43","slug":"contactos-2","status":"publish","type":"page","link":"https:\/\/www.amigofielbombarral.com\/en\/contactos-2\/","title":{"rendered":"Contactos\/Contact Us"},"content":{"rendered":"<div data-elementor-type=\"wp-page\" data-elementor-id=\"2106\" class=\"elementor elementor-2106\">\n\t\t\t\t\t\t<section class=\"elementor-section elementor-top-section elementor-element elementor-element-kmw8z5q elementor-section-height-min-height elementor-section-items-top elementor-section-boxed elementor-section-height-default\" data-id=\"kmw8z5q\" data-element_type=\"section\" data-e-type=\"section\" data-settings=\"{&quot;background_background&quot;:&quot;classic&quot;,&quot;shape_divider_bottom&quot;:&quot;curve&quot;,&quot;shape_divider_bottom_negative&quot;:&quot;yes&quot;}\">\n\t\t\t\t\t\t\t<div class=\"elementor-background-overlay\"><\/div>\n\t\t\t\t\t\t<div class=\"elementor-shape elementor-shape-bottom\" aria-hidden=\"true\" data-negative=\"true\">\n\t\t\t<svg xmlns=\"http:\/\/www.w3.org\/2000\/svg\" viewbox=\"0 0 1000 100\" preserveaspectratio=\"none\">\n\t<path class=\"elementor-shape-fill\" d=\"M500,97C126.7,96.3,0.8,19.8,0,0v100l1000,0V1C1000,19.4,873.3,97.8,500,97z\"\/>\n<\/svg>\t\t<\/div>\n\t\t\t\t\t<div class=\"elementor-container elementor-column-gap-no\">\n\t\t\t\t\t<div class=\"elementor-column elementor-col-50 elementor-top-column elementor-element elementor-element-1149cce\" data-id=\"1149cce\" data-element_type=\"column\" data-e-type=\"column\">\n\t\t\t<div class=\"elementor-widget-wrap elementor-element-populated\">\n\t\t\t\t\t\t<section class=\"elementor-section elementor-inner-section elementor-element elementor-element-66bcd36 elementor-section-boxed elementor-section-height-default elementor-section-height-default\" data-id=\"66bcd36\" data-element_type=\"section\" data-e-type=\"section\">\n\t\t\t\t\t\t<div class=\"elementor-container elementor-column-gap-default\">\n\t\t\t\t\t<div class=\"elementor-column elementor-col-100 elementor-inner-column elementor-element elementor-element-da4e092\" data-id=\"da4e092\" data-element_type=\"column\" data-e-type=\"column\" data-settings=\"{&quot;background_background&quot;:&quot;slideshow&quot;,&quot;background_slideshow_gallery&quot;:[],&quot;background_slideshow_loop&quot;:&quot;yes&quot;,&quot;background_slideshow_slide_duration&quot;:5000,&quot;background_slideshow_slide_transition&quot;:&quot;fade&quot;,&quot;background_slideshow_transition_duration&quot;:500}\">\n\t\t\t<div class=\"elementor-widget-wrap elementor-element-populated\">\n\t\t\t\t\t\t<div class=\"elementor-element elementor-element-caba11c elementor-widget elementor-widget-heading\" data-id=\"caba11c\" data-element_type=\"widget\" data-e-type=\"widget\" data-widget_type=\"heading.default\">\n\t\t\t\t<div class=\"elementor-widget-container\">\n\t\t\t\t\t<h1 class=\"elementor-heading-title elementor-size-default\">Visit Us\n<\/h1>\t\t\t\t<\/div>\n\t\t\t\t<\/div>\n\t\t\t\t<div class=\"elementor-element elementor-element-8791599 elementor-align-start elementor-icon-list--layout-traditional elementor-list-item-link-full_width elementor-widget elementor-widget-icon-list\" data-id=\"8791599\" data-element_type=\"widget\" data-e-type=\"widget\" data-widget_type=\"icon-list.default\">\n\t\t\t\t<div class=\"elementor-widget-container\">\n\t\t\t\t\t\t\t<ul class=\"elementor-icon-list-items\">\n\t\t\t\t\t\t\t<li class=\"elementor-icon-list-item\">\n\t\t\t\t\t\t\t\t\t\t\t<span class=\"elementor-icon-list-icon\">\n\t\t\t\t\t\t\t<i aria-hidden=\"true\" class=\"far fa-clock\"><\/i>\t\t\t\t\t\t<\/span>\n\t\t\t\t\t\t\t\t\t\t<span class=\"elementor-icon-list-text\">Segunda a Sexta das 9H \u00e0s 11H30<\/span>\n\t\t\t\t\t\t\t\t\t<\/li>\n\t\t\t\t\t\t\t\t<li class=\"elementor-icon-list-item\">\n\t\t\t\t\t\t\t\t\t\t\t<span class=\"elementor-icon-list-icon\">\n\t\t\t\t\t\t\t<i aria-hidden=\"true\" class=\"fas fa-map-marker-alt\"><\/i>\t\t\t\t\t\t<\/span>\n\t\t\t\t\t\t\t\t\t\t<span class=\"elementor-icon-list-text\">Amigo Fiel Bombarral R. Do Falc\u00e3o, 2540-753 Bombarral<\/span>\n\t\t\t\t\t\t\t\t\t<\/li>\n\t\t\t\t\t\t<\/ul>\n\t\t\t\t\t\t<\/div>\n\t\t\t\t<\/div>\n\t\t\t\t<div class=\"elementor-element elementor-element-e9dd637 elementor-widget elementor-widget-heading\" data-id=\"e9dd637\" data-element_type=\"widget\" data-e-type=\"widget\" data-widget_type=\"heading.default\">\n\t\t\t\t<div class=\"elementor-widget-container\">\n\t\t\t\t\t<h1 class=\"elementor-heading-title elementor-size-default\">Get in touch<\/h1>\t\t\t\t<\/div>\n\t\t\t\t<\/div>\n\t\t\t\t<div class=\"elementor-element elementor-element-4ad7606 elementor-widget elementor-widget-text-editor\" data-id=\"4ad7606\" data-element_type=\"widget\" data-e-type=\"widget\" data-widget_type=\"text-editor.default\">\n\t\t\t\t<div class=\"elementor-widget-container\">\n\t\t\t\t\t\t\t\t\t<div class=\"xdj266r x11i5rnm xat24cr x1mh8g0r x1vvkbs\">Please note:<br class=\"html-br\" \/>During the summer period all contacts should be made by email to: oamigofiel.bombarral@gmail.com\nThe association's telephone will be switched off. Thank you for your understanding.<\/div><div class=\"x11i5rnm xat24cr x1mh8g0r x1vvkbs xtlvy1s\">O telefone da associa\u00e7\u00e3o estar\u00e1 desligado.<\/div>\t\t\t\t\t\t\t\t<\/div>\n\t\t\t\t<\/div>\n\t\t\t\t<div class=\"elementor-element elementor-element-0baad3c elementor-align-start elementor-icon-list--layout-traditional elementor-list-item-link-full_width elementor-widget elementor-widget-icon-list\" data-id=\"0baad3c\" data-element_type=\"widget\" data-e-type=\"widget\" data-widget_type=\"icon-list.default\">\n\t\t\t\t<div class=\"elementor-widget-container\">\n\t\t\t\t\t\t\t<ul class=\"elementor-icon-list-items\">\n\t\t\t\t\t\t\t<li class=\"elementor-icon-list-item\">\n\t\t\t\t\t\t\t\t\t\t\t<span class=\"elementor-icon-list-icon\">\n\t\t\t\t\t\t\t<i aria-hidden=\"true\" class=\"far fa-envelope\"><\/i>\t\t\t\t\t\t<\/span>\n\t\t\t\t\t\t\t\t\t\t<span class=\"elementor-icon-list-text\">E-mail: oamigofiel.bombarral@gmail.com<\/span>\n\t\t\t\t\t\t\t\t\t<\/li>\n\t\t\t\t\t\t<\/ul>\n\t\t\t\t\t\t<\/div>\n\t\t\t\t<\/div>\n\t\t\t\t\t<\/div>\n\t\t<\/div>\n\t\t\t\t\t<\/div>\n\t\t<\/section>\n\t\t\t\t\t<\/div>\n\t\t<\/div>\n\t\t\t\t<div class=\"elementor-column elementor-col-50 elementor-top-column elementor-element elementor-element-441b422\" data-id=\"441b422\" data-element_type=\"column\" data-e-type=\"column\">\n\t\t\t<div class=\"elementor-widget-wrap elementor-element-populated\">\n\t\t\t\t\t\t<div class=\"elementor-element elementor-element-ebae0ca elementor-widget elementor-widget-text-editor\" data-id=\"ebae0ca\" data-element_type=\"widget\" data-e-type=\"widget\" data-widget_type=\"text-editor.default\">\n\t\t\t\t<div class=\"elementor-widget-container\">\n\t\t\t\t\t\t\t\t\t<iframe src=\"https:\/\/www.google.com\/maps\/embed?pb=!1m18!1m12!1m3!1d3089.063615278492!2d-9.177465585427697!3d39.264123179515785!2m3!1f0!2f0!3f0!3m2!1i1024!2i768!4f13.1!3m3!1m2!1s0xd18cb90bc83105d%3A0x9df54c1ee81e1eba!2sAmigo%20Fiel%20Bombarral!5e0!3m2!1sen!2spt!4v1633358927690!5m2!1sen!2spt\" width=\"600\" height=\"450\" style=\"border:0;\" allowfullscreen=\"\" loading=\"lazy\"><\/iframe>\t\t\t\t\t\t\t\t<\/div>\n\t\t\t\t<\/div>\n\t\t\t\t\t<\/div>\n\t\t<\/div>\n\t\t\t\t\t<\/div>\n\t\t<\/section>\n\t\t\t\t<section class=\"elementor-section elementor-top-section elementor-element elementor-element-398b148 elementor-section-boxed elementor-section-height-default elementor-section-height-default\" data-id=\"398b148\" data-element_type=\"section\" data-e-type=\"section\" data-settings=\"{&quot;background_background&quot;:&quot;classic&quot;}\">\n\t\t\t\t\t\t<div class=\"elementor-container elementor-column-gap-default\">\n\t\t\t\t\t<div class=\"elementor-column elementor-col-100 elementor-top-column elementor-element elementor-element-07c627f\" data-id=\"07c627f\" data-element_type=\"column\" data-e-type=\"column\" data-settings=\"{&quot;background_background&quot;:&quot;classic&quot;}\">\n\t\t\t<div class=\"elementor-widget-wrap elementor-element-populated\">\n\t\t\t\t\t\t<section class=\"elementor-section elementor-inner-section elementor-element elementor-element-52172a0 elementor-section-boxed elementor-section-height-default elementor-section-height-default\" data-id=\"52172a0\" data-element_type=\"section\" data-e-type=\"section\">\n\t\t\t\t\t\t<div class=\"elementor-container elementor-column-gap-default\">\n\t\t\t\t\t<div class=\"elementor-column elementor-col-50 elementor-inner-column elementor-element elementor-element-e2e8d0c\" data-id=\"e2e8d0c\" data-element_type=\"column\" data-e-type=\"column\" data-settings=\"{&quot;background_background&quot;:&quot;classic&quot;}\">\n\t\t\t<div class=\"elementor-widget-wrap elementor-element-populated\">\n\t\t\t\t\t\t<div class=\"elementor-element elementor-element-e25a58b elementor-invisible elementor-widget elementor-widget-heading\" data-id=\"e25a58b\" data-element_type=\"widget\" data-e-type=\"widget\" data-settings=\"{&quot;_animation&quot;:&quot;zoomIn&quot;}\" data-widget_type=\"heading.default\">\n\t\t\t\t<div class=\"elementor-widget-container\">\n\t\t\t\t\t<h2 class=\"elementor-heading-title elementor-size-default\">At\u00e9 breve!<\/h2>\t\t\t\t<\/div>\n\t\t\t\t<\/div>\n\t\t\t\t\t<\/div>\n\t\t<\/div>\n\t\t\t\t<div class=\"elementor-column elementor-col-50 elementor-inner-column elementor-element elementor-element-5dfae7d\" data-id=\"5dfae7d\" data-element_type=\"column\" data-e-type=\"column\">\n\t\t\t<div class=\"elementor-widget-wrap\">\n\t\t\t\t\t\t\t<\/div>\n\t\t<\/div>\n\t\t\t\t\t<\/div>\n\t\t<\/section>\n\t\t\t\t<div class=\"elementor-element elementor-element-1451037 elementor-invisible elementor-widget elementor-widget-video\" data-id=\"1451037\" data-element_type=\"widget\" data-e-type=\"widget\" data-settings=\"{&quot;youtube_url&quot;:&quot;https:\\\/\\\/youtu.be\\\/HOArGWrt_e8&quot;,&quot;autoplay&quot;:&quot;yes&quot;,&quot;mute&quot;:&quot;yes&quot;,&quot;loop&quot;:&quot;yes&quot;,&quot;_animation&quot;:&quot;fadeIn&quot;,&quot;video_type&quot;:&quot;youtube&quot;,&quot;controls&quot;:&quot;yes&quot;}\" data-widget_type=\"video.default\">\n\t\t\t\t<div class=\"elementor-widget-container\">\n\t\t\t\t\t\t\t<div class=\"elementor-wrapper elementor-open-inline\">\n\t\t\t<div class=\"elementor-video\"><\/div>\t\t<\/div>\n\t\t\t\t\t\t<\/div>\n\t\t\t\t<\/div>\n\t\t\t\t\t<\/div>\n\t\t<\/div>\n\t\t\t\t\t<\/div>\n\t\t<\/section>\n\t\t\t\t<\/div>","protected":false},"excerpt":{"rendered":"<p>Visite-nos Segunda a Sexta das 9H \u00e0s 11H30 Amigo Fiel Bombarral R. Do Falc\u00e3o, 2540-753 Bombarral Fale connosco INFORMA\u00c7\u00c3ODurante o per\u00edodo do Ver\u00e3o todos os contactos dever\u00e3o ser feitos por mail para: oamigofiel.bombarral@gmail.comO telefone da associa\u00e7\u00e3o estar\u00e1 desligado. E-mail: oamigofiel.bombarral@gmail.com At\u00e9 breve!<\/p>","protected":false},"author":3,"featured_media":6936,"parent":0,"menu_order":0,"comment_status":"closed","ping_status":"closed","template":"","meta":{"site-sidebar-layout":"no-sidebar","site-content-layout":"page-builder","ast-site-content-layout":"default","site-content-style":"default","site-sidebar-style":"default","ast-global-header-display":"","ast-banner-title-visibility":"","ast-main-header-display":"","ast-hfb-above-header-display":"","ast-hfb-below-header-display":"","ast-hfb-mobile-header-display":"","site-post-title":"disabled","ast-breadcrumbs-content":"","ast-featured-img":"disabled","footer-sml-layout":"","ast-disable-related-posts":"","theme-transparent-header-meta":"","adv-header-id-meta":"","stick-header-meta":"","header-above-stick-meta":"","header-main-stick-meta":"","header-below-stick-meta":"","astra-migrate-meta-layouts":"default","ast-page-background-enabled":"default","ast-page-background-meta":{"desktop":{"background-color":"var(--ast-global-color-4)","background-image":"","background-repeat":"repeat","background-position":"center center","background-size":"auto","background-attachment":"scroll","background-type":"","background-media":"","overlay-type":"","overlay-color":"","overlay-opacity":"","overlay-gradient":""},"tablet":{"background-color":"","background-image":"","background-repeat":"repeat","background-position":"center center","background-size":"auto","background-attachment":"scroll","background-type":"","background-media":"","overlay-type":"","overlay-color":"","overlay-opacity":"","overlay-gradient":""},"mobile":{"background-color":"","background-image":"","background-repeat":"repeat","background-position":"center center","background-size":"auto","background-attachment":"scroll","background-type":"","background-media":"","overlay-type":"","overlay-color":"","overlay-opacity":"","overlay-gradient":""}},"ast-content-background-meta":{"desktop":{"background-color":"var(--ast-global-color-5)","background-image":"","background-repeat":"repeat","background-position":"center center","background-size":"auto","background-attachment":"scroll","background-type":"","background-media":"","overlay-type":"","overlay-color":"","overlay-opacity":"","overlay-gradient":""},"tablet":{"background-color":"var(--ast-global-color-5)","background-image":"","background-repeat":"repeat","background-position":"center center","background-size":"auto","background-attachment":"scroll","background-type":"","background-media":"","overlay-type":"","overlay-color":"","overlay-opacity":"","overlay-gradient":""},"mobile":{"background-color":"var(--ast-global-color-5)","background-image":"","background-repeat":"repeat","background-position":"center center","background-size":"auto","background-attachment":"scroll","background-type":"","background-media":"","overlay-type":"","overlay-color":"","overlay-opacity":"","overlay-gradient":""}},"footnotes":""},"class_list":["post-2106","page","type-page","status-publish","has-post-thumbnail","hentry"],"yoast_head":"<!-- This site is optimized with the Yoast SEO plugin v27.5 - https:\/\/yoast.com\/product\/yoast-seo-wordpress\/ -->\n<title>Contactos\/Contact Us -<\/title>\n<meta name=\"description\" content=\"Hor\u00e1rios e localiza\u00e7\u00e3o do abrigo para animais Bombarral. Hours and location of Amigo Fiel dog shelter in Bombarral, Silver Coast, Portugal.\" \/>\n<meta name=\"robots\" content=\"index, follow, max-snippet:-1, max-image-preview:large, max-video-preview:-1\" \/>\n<link rel=\"canonical\" href=\"https:\/\/www.amigofielbombarral.com\/en\/contactos-2\/\" \/>\n<meta property=\"og:locale\" content=\"en_GB\" \/>\n<meta property=\"og:type\" content=\"article\" \/>\n<meta property=\"og:title\" content=\"Contactos\/Contact Us -\" \/>\n<meta property=\"og:description\" content=\"Hor\u00e1rios e localiza\u00e7\u00e3o do abrigo para animais Bombarral. Hours and location of Amigo Fiel dog shelter in Bombarral, Silver Coast, Portugal.\" \/>\n<meta property=\"og:url\" content=\"https:\/\/www.amigofielbombarral.com\/en\/contactos-2\/\" \/>\n<meta property=\"og:site_name\" content=\"Amigo Fiel Bombarral\" \/>\n<meta property=\"article:modified_time\" content=\"2025-12-16T16:28:43+00:00\" \/>\n<meta property=\"og:image\" content=\"https:\/\/www.amigofielbombarral.com\/wp-content\/uploads\/2024\/04\/contacts.png\" \/>\n\t<meta property=\"og:image:width\" content=\"1200\" \/>\n\t<meta property=\"og:image:height\" content=\"628\" \/>\n\t<meta property=\"og:image:type\" content=\"image\/png\" \/>\n<meta name=\"twitter:card\" content=\"summary_large_image\" \/>\n<meta name=\"twitter:label1\" content=\"Estimated reading time\" \/>\n\t<meta name=\"twitter:data1\" content=\"1 minute\" \/>\n<script type=\"application\/ld+json\" class=\"yoast-schema-graph\">{\"@context\":\"https:\\\/\\\/schema.org\",\"@graph\":[{\"@type\":\"WebPage\",\"@id\":\"https:\\\/\\\/www.amigofielbombarral.com\\\/contactos-2\\\/\",\"url\":\"https:\\\/\\\/www.amigofielbombarral.com\\\/contactos-2\\\/\",\"name\":\"Contactos\\\/Contact Us -\",\"isPartOf\":{\"@id\":\"https:\\\/\\\/www.amigofielbombarral.com\\\/#website\"},\"primaryImageOfPage\":{\"@id\":\"https:\\\/\\\/www.amigofielbombarral.com\\\/contactos-2\\\/#primaryimage\"},\"image\":{\"@id\":\"https:\\\/\\\/www.amigofielbombarral.com\\\/contactos-2\\\/#primaryimage\"},\"thumbnailUrl\":\"https:\\\/\\\/www.amigofielbombarral.com\\\/wp-content\\\/uploads\\\/2024\\\/04\\\/contacts.png\",\"datePublished\":\"2021-10-04T15:42:53+00:00\",\"dateModified\":\"2025-12-16T16:28:43+00:00\",\"description\":\"Hor\u00e1rios e localiza\u00e7\u00e3o do abrigo para animais Bombarral. Hours and location of Amigo Fiel dog shelter in Bombarral, Silver Coast, Portugal.\",\"breadcrumb\":{\"@id\":\"https:\\\/\\\/www.amigofielbombarral.com\\\/contactos-2\\\/#breadcrumb\"},\"inLanguage\":\"en-GB\",\"potentialAction\":[{\"@type\":\"ReadAction\",\"target\":[\"https:\\\/\\\/www.amigofielbombarral.com\\\/contactos-2\\\/\"]}]},{\"@type\":\"ImageObject\",\"inLanguage\":\"en-GB\",\"@id\":\"https:\\\/\\\/www.amigofielbombarral.com\\\/contactos-2\\\/#primaryimage\",\"url\":\"https:\\\/\\\/www.amigofielbombarral.com\\\/wp-content\\\/uploads\\\/2024\\\/04\\\/contacts.png\",\"contentUrl\":\"https:\\\/\\\/www.amigofielbombarral.com\\\/wp-content\\\/uploads\\\/2024\\\/04\\\/contacts.png\",\"width\":1200,\"height\":628},{\"@type\":\"BreadcrumbList\",\"@id\":\"https:\\\/\\\/www.amigofielbombarral.com\\\/contactos-2\\\/#breadcrumb\",\"itemListElement\":[{\"@type\":\"ListItem\",\"position\":1,\"name\":\"Home\",\"item\":\"https:\\\/\\\/www.amigofielbombarral.com\\\/\"},{\"@type\":\"ListItem\",\"position\":2,\"name\":\"Contactos\\\/Contact Us\"}]},{\"@type\":\"WebSite\",\"@id\":\"https:\\\/\\\/www.amigofielbombarral.com\\\/#website\",\"url\":\"https:\\\/\\\/www.amigofielbombarral.com\\\/\",\"name\":\"Amigo Fiel Bombarral\",\"description\":\"Associa\u00e7\u00e3o Protectora de Animais do Bombarral\\\/ Animal Protection Association of Bombarral, Portugal\",\"publisher\":{\"@id\":\"https:\\\/\\\/www.amigofielbombarral.com\\\/#organization\"},\"potentialAction\":[{\"@type\":\"SearchAction\",\"target\":{\"@type\":\"EntryPoint\",\"urlTemplate\":\"https:\\\/\\\/www.amigofielbombarral.com\\\/?s={search_term_string}\"},\"query-input\":{\"@type\":\"PropertyValueSpecification\",\"valueRequired\":true,\"valueName\":\"search_term_string\"}}],\"inLanguage\":\"en-GB\"},{\"@type\":\"Organization\",\"@id\":\"https:\\\/\\\/www.amigofielbombarral.com\\\/#organization\",\"name\":\"Amigo Fiel Bombarral\",\"url\":\"https:\\\/\\\/www.amigofielbombarral.com\\\/\",\"logo\":{\"@type\":\"ImageObject\",\"inLanguage\":\"en-GB\",\"@id\":\"https:\\\/\\\/www.amigofielbombarral.com\\\/#\\\/schema\\\/logo\\\/image\\\/\",\"url\":\"https:\\\/\\\/www.amigofielbombarral.com\\\/wp-content\\\/uploads\\\/2024\\\/03\\\/cropped-AF-logo-2024-website.png\",\"contentUrl\":\"https:\\\/\\\/www.amigofielbombarral.com\\\/wp-content\\\/uploads\\\/2024\\\/03\\\/cropped-AF-logo-2024-website.png\",\"width\":499,\"height\":261,\"caption\":\"Amigo Fiel Bombarral\"},\"image\":{\"@id\":\"https:\\\/\\\/www.amigofielbombarral.com\\\/#\\\/schema\\\/logo\\\/image\\\/\"}}]}<\/script>\n<!-- \/ Yoast SEO plugin. -->","yoast_head_json":{"title":"Contactos\/Contact Us -","description":"Hor\u00e1rios e localiza\u00e7\u00e3o do abrigo para animais Bombarral. Hours and location of Amigo Fiel dog shelter in Bombarral, Silver Coast, Portugal.","robots":{"index":"index","follow":"follow","max-snippet":"max-snippet:-1","max-image-preview":"max-image-preview:large","max-video-preview":"max-video-preview:-1"},"canonical":"https:\/\/www.amigofielbombarral.com\/en\/contactos-2\/","og_locale":"en_GB","og_type":"article","og_title":"Contactos\/Contact Us -","og_description":"Hor\u00e1rios e localiza\u00e7\u00e3o do abrigo para animais Bombarral. Hours and location of Amigo Fiel dog shelter in Bombarral, Silver Coast, Portugal.","og_url":"https:\/\/www.amigofielbombarral.com\/en\/contactos-2\/","og_site_name":"Amigo Fiel Bombarral","article_modified_time":"2025-12-16T16:28:43+00:00","og_image":[{"width":1200,"height":628,"url":"https:\/\/www.amigofielbombarral.com\/wp-content\/uploads\/2024\/04\/contacts.png","type":"image\/png"}],"twitter_card":"summary_large_image","twitter_misc":{"Estimated reading time":"1 minute"},"schema":{"@context":"https:\/\/schema.org","@graph":[{"@type":"WebPage","@id":"https:\/\/www.amigofielbombarral.com\/contactos-2\/","url":"https:\/\/www.amigofielbombarral.com\/contactos-2\/","name":"Contactos\/Contact Us -","isPartOf":{"@id":"https:\/\/www.amigofielbombarral.com\/#website"},"primaryImageOfPage":{"@id":"https:\/\/www.amigofielbombarral.com\/contactos-2\/#primaryimage"},"image":{"@id":"https:\/\/www.amigofielbombarral.com\/contactos-2\/#primaryimage"},"thumbnailUrl":"https:\/\/www.amigofielbombarral.com\/wp-content\/uploads\/2024\/04\/contacts.png","datePublished":"2021-10-04T15:42:53+00:00","dateModified":"2025-12-16T16:28:43+00:00","description":"Hor\u00e1rios e localiza\u00e7\u00e3o do abrigo para animais Bombarral. Hours and location of Amigo Fiel dog shelter in Bombarral, Silver Coast, Portugal.","breadcrumb":{"@id":"https:\/\/www.amigofielbombarral.com\/contactos-2\/#breadcrumb"},"inLanguage":"en-GB","potentialAction":[{"@type":"ReadAction","target":["https:\/\/www.amigofielbombarral.com\/contactos-2\/"]}]},{"@type":"ImageObject","inLanguage":"en-GB","@id":"https:\/\/www.amigofielbombarral.com\/contactos-2\/#primaryimage","url":"https:\/\/www.amigofielbombarral.com\/wp-content\/uploads\/2024\/04\/contacts.png","contentUrl":"https:\/\/www.amigofielbombarral.com\/wp-content\/uploads\/2024\/04\/contacts.png","width":1200,"height":628},{"@type":"BreadcrumbList","@id":"https:\/\/www.amigofielbombarral.com\/contactos-2\/#breadcrumb","itemListElement":[{"@type":"ListItem","position":1,"name":"Home","item":"https:\/\/www.amigofielbombarral.com\/"},{"@type":"ListItem","position":2,"name":"Contactos\/Contact Us"}]},{"@type":"WebSite","@id":"https:\/\/www.amigofielbombarral.com\/#website","url":"https:\/\/www.amigofielbombarral.com\/","name":"Amigo Fiel Bombarral","description":"Associa\u00e7\u00e3o Protectora de Animais do Bombarral\/ Animal Protection Association of Bombarral, Portugal","publisher":{"@id":"https:\/\/www.amigofielbombarral.com\/#organization"},"potentialAction":[{"@type":"SearchAction","target":{"@type":"EntryPoint","urlTemplate":"https:\/\/www.amigofielbombarral.com\/?s={search_term_string}"},"query-input":{"@type":"PropertyValueSpecification","valueRequired":true,"valueName":"search_term_string"}}],"inLanguage":"en-GB"},{"@type":"Organization","@id":"https:\/\/www.amigofielbombarral.com\/#organization","name":"Amigo Fiel Bombarral","url":"https:\/\/www.amigofielbombarral.com\/","logo":{"@type":"ImageObject","inLanguage":"en-GB","@id":"https:\/\/www.amigofielbombarral.com\/#\/schema\/logo\/image\/","url":"https:\/\/www.amigofielbombarral.com\/wp-content\/uploads\/2024\/03\/cropped-AF-logo-2024-website.png","contentUrl":"https:\/\/www.amigofielbombarral.com\/wp-content\/uploads\/2024\/03\/cropped-AF-logo-2024-website.png","width":499,"height":261,"caption":"Amigo Fiel Bombarral"},"image":{"@id":"https:\/\/www.amigofielbombarral.com\/#\/schema\/logo\/image\/"}}]}},"_links":{"self":[{"href":"https:\/\/www.amigofielbombarral.com\/en\/wp-json\/wp\/v2\/pages\/2106","targetHints":{"allow":["GET"]}}],"collection":[{"href":"https:\/\/www.amigofielbombarral.com\/en\/wp-json\/wp\/v2\/pages"}],"about":[{"href":"https:\/\/www.amigofielbombarral.com\/en\/wp-json\/wp\/v2\/types\/page"}],"author":[{"embeddable":true,"href":"https:\/\/www.amigofielbombarral.com\/en\/wp-json\/wp\/v2\/users\/3"}],"replies":[{"embeddable":true,"href":"https:\/\/www.amigofielbombarral.com\/en\/wp-json\/wp\/v2\/comments?post=2106"}],"version-history":[{"count":1,"href":"https:\/\/www.amigofielbombarral.com\/en\/wp-json\/wp\/v2\/pages\/2106\/revisions"}],"predecessor-version":[{"id":7776,"href":"https:\/\/www.amigofielbombarral.com\/en\/wp-json\/wp\/v2\/pages\/2106\/revisions\/7776"}],"wp:featuredmedia":[{"embeddable":true,"href":"https:\/\/www.amigofielbombarral.com\/en\/wp-json\/wp\/v2\/media\/6936"}],"wp:attachment":[{"href":"https:\/\/www.amigofielbombarral.com\/en\/wp-json\/wp\/v2\/media?parent=2106"}],"curies":[{"name":"wp","href":"https:\/\/api.w.org\/{rel}","templated":true}]}}